{"id":9,"date":"2020-10-12T22:52:00","date_gmt":"2020-10-12T20:52:00","guid":{"rendered":"https:\/\/associazionerut.etsbrescia.it\/nidofamiglia\/?page_id=9"},"modified":"2022-10-18T21:43:00","modified_gmt":"2022-10-18T19:43:00","slug":"home","status":"publish","type":"page","link":"https:\/\/www.associazionecasarut.it\/nidofamiglia\/","title":{"rendered":"I NIDI FAMIGLIA"},"content":{"rendered":"\r\n<p>Sono n, 4 i nidi famiglia attivati dall\u2019Associazione Rut presso la sede di P.zza C. Battisti n. 43\/a Sarezzo: il Nido Famiglia dell\u2019Associazione di volontariato Rut, attivo dal 2003, il Nido Famiglia \u201c<em>I colori del mondo<\/em>\u201d, avviato il 1 settembre 2007, il Nido Famiglia \u201c<em>Nuovi orizzonti<\/em>\u201d, avviato nel settembre 2011, e il Nido famiglia\u00a0 \u201c<em>Il giardino della pace<\/em>\u201d avviato nel settembre 2014.<br \/>I Nidi sono funzionanti dalle ore 7,00 alle ore 16,00. I posti autorizzati sono n.20.<br \/>Il \u201cNido famiglia\u201d vuole rispondere alle esigenze delle famiglie che per lavoro o per motivi di difficolt\u00e0 temporanea hanno bisogno di avere uno spazio dove i bambini di et\u00e0 inferiore ai tre anni possono essere accolti e accuditi da personale professionalmente preparato e da volontari, attraverso una relazione calda e affettivamente significativa.<br \/>I Nidi famiglia si definiscono su una precisa linea educativa, luoghi ricreativi e relazionali, ma anche e soprattutto spazi a forte connotazione educativa, al fine di essere realmente a supporto dei bambini e delle famiglie.<br \/>Oltre agli educatori professionali e al personale educativo collaborano alcune volontarie e in alcuni periodi dell\u2019anno anche giovani tirocinanti.<\/p>\r\n<p><strong>\u00a0<\/strong><strong>Obiettivi<\/strong><\/p>\r\n<p style=\"padding-left: 40px;\">L\u2019obiettivo \u00e8 quello di fornire ai bambini in uno spazio accogliente, proponendo loro attivit\u00e0 adeguate all\u2019et\u00e0, quali giochi, laboratori espressivi e narrativi, attivit\u00e0 psicomotorie, ritmico musicali, manipolative.<\/p>\r\n<p><strong>L\u2019incontro con le famiglie<\/strong><\/p>\r\n<p style=\"padding-left: 40px;\">Particolare cura viene riservata alla relazione e all\u2019incontro con i genitori, nella consapevolezza che il nido \u00e8 a supporto dell\u2019azione educativa delle famiglie.<br \/>Oltre agli incontri quotidiani, vengono riservati spazi di incontri specifici (i colloqui), per lo scambio di informazioni, valutazioni e pareri in merito alle esigenze del bambino e alle osservazioni realizzate.<\/p>\r\n<p><strong>Calendario e orario di apertura e rette<\/strong><\/p>\r\n<p style=\"padding-left: 40px;\">L\u2019orario di apertura \u00e8 dalle ore 7,00 alle 16,00, dal luned\u00ec al venerd\u00ec. Sono definite due fasce orarie di frequenza: dalle 7,00 alle 14,00 (retta mensile 420,00 comprensiva del pranzo) e dalle 7,00 alle 16,00 (retta mensile 450,00 comprensiva del pranzo) I Nidi famiglia sono aperti da settembre a fine luglio, con possibili sospensioni del servizio, preventivamente concordate con le famiglie, in occasione delle festivit\u00e0 natalizie e pasquali.<\/p>\r\n<p>&nbsp;<\/p>\r\n<p>A questa <a href=\"https:\/\/associazionerut.etsbrescia.it\/nidofamiglia\/?page_id=1633&amp;preview_id=1633&amp;preview_nonce=cdd67fdff9&amp;_thumbnail_id=-1&amp;preview=true\">pagina<\/a> trovate tutti i moduli di iscrizione.<\/p>\r\n<div id=\"metaslider-id-1894\" style=\"width: 100%;\" class=\"ml-slider-3-109-0 metaslider metaslider-nivo metaslider-1894 ml-slider has-dots-nav ml-slider-lightbox-2-23-0 lightbox-disabled ms-theme-default\" role=\"region\" aria-label=\"Delfini e tartarughe\" data-height=\"450\" data-width=\"800\">\n    <div id=\"metaslider_container_1894\">\n        <div class='slider-wrapper theme-default'><div class='ribbon'><\/div><div id='metaslider_1894' class='nivoSlider'><img loading=\"lazy\" decoding=\"async\" src=\"https:\/\/www.associazionecasarut.it\/nidofamiglia\/wp-content\/uploads\/2022\/10\/IMG-20221018-WA0009-800x450.jpg\" height=\"450\" width=\"800\" title=\"IMG-20221018-WA0009\" alt=\"\" class=\"slider-1894 slide-1905 msDefaultImage\" \/><img loading=\"lazy\" decoding=\"async\" src=\"https:\/\/www.associazionecasarut.it\/nidofamiglia\/wp-content\/uploads\/2022\/10\/IMG-20221018-WA0012-800x450.jpg\" height=\"450\" width=\"800\" title=\"IMG-20221018-WA0012\" alt=\"\" class=\"slider-1894 slide-1906 msDefaultImage\" \/><img loading=\"lazy\" decoding=\"async\" src=\"https:\/\/www.associazionecasarut.it\/nidofamiglia\/wp-content\/uploads\/2022\/10\/IMG-20221018-WA0013-800x450.jpg\" height=\"450\" width=\"800\" title=\"IMG-20221018-WA0013\" alt=\"\" class=\"slider-1894 slide-1907 msDefaultImage\" \/><img loading=\"lazy\" decoding=\"async\" src=\"https:\/\/www.associazionecasarut.it\/nidofamiglia\/wp-content\/uploads\/2022\/10\/IMG-20221018-WA0014-800x450.jpg\" height=\"450\" width=\"800\" title=\"IMG-20221018-WA0014\" alt=\"\" class=\"slider-1894 slide-1908 msDefaultImage\" \/><img loading=\"lazy\" decoding=\"async\" src=\"https:\/\/www.associazionecasarut.it\/nidofamiglia\/wp-content\/uploads\/2022\/10\/IMG-20221018-WA0015-800x450.jpg\" height=\"450\" width=\"800\" title=\"IMG-20221018-WA0015\" alt=\"\" class=\"slider-1894 slide-1909 msDefaultImage\" \/><img loading=\"lazy\" decoding=\"async\" src=\"https:\/\/www.associazionecasarut.it\/nidofamiglia\/wp-content\/uploads\/2022\/10\/IMG-20221018-WA0016-800x450.jpg\" height=\"450\" width=\"800\" title=\"IMG-20221018-WA0016\" alt=\"\" class=\"slider-1894 slide-1910 msDefaultImage\" \/><img loading=\"lazy\" decoding=\"async\" src=\"https:\/\/www.associazionecasarut.it\/nidofamiglia\/wp-content\/uploads\/2022\/10\/IMG-20221018-WA0017-800x450.jpg\" height=\"450\" width=\"800\" title=\"IMG-20221018-WA0017\" alt=\"\" class=\"slider-1894 slide-1911 msDefaultImage\" \/><img loading=\"lazy\" decoding=\"async\" src=\"https:\/\/www.associazionecasarut.it\/nidofamiglia\/wp-content\/uploads\/2022\/10\/IMG-20221018-WA0018-800x450.jpg\" height=\"450\" width=\"800\" title=\"IMG-20221018-WA0018\" alt=\"\" class=\"slider-1894 slide-1912 msDefaultImage\" \/><img loading=\"lazy\" decoding=\"async\" src=\"https:\/\/www.associazionecasarut.it\/nidofamiglia\/wp-content\/uploads\/2022\/10\/IMG-20221018-WA0019-800x450.jpg\" height=\"450\" width=\"800\" title=\"IMG-20221018-WA0019\" alt=\"\" class=\"slider-1894 slide-1913 msDefaultImage\" \/><img loading=\"lazy\" decoding=\"async\" src=\"https:\/\/www.associazionecasarut.it\/nidofamiglia\/wp-content\/uploads\/2022\/10\/IMG-20221018-WA0037-800x450.jpg\" height=\"450\" width=\"800\" title=\"IMG-20221018-WA0037\" alt=\"\" class=\"slider-1894 slide-1914 msDefaultImage\" \/><\/div><\/div>\n        \n    <\/div>\n<\/div>\r\n<div id=\"metaslider-id-1884\" style=\"width: 100%;\" class=\"ml-slider-3-109-0 metaslider metaslider-nivo metaslider-1884 ml-slider has-dots-nav ml-slider-lightbox-2-23-0 lightbox-disabled ms-theme-default\" role=\"region\" aria-label=\"ambienti pulcini e farfalle\" data-height=\"450\" data-width=\"800\">\n    <div id=\"metaslider_container_1884\">\n        <div class='slider-wrapper theme-default'><div class='ribbon'><\/div><div id='metaslider_1884' class='nivoSlider'><img loading=\"lazy\" decoding=\"async\" src=\"https:\/\/www.associazionecasarut.it\/nidofamiglia\/wp-content\/uploads\/2022\/10\/IMG-20221017-WA0017-800x450.jpg\" height=\"450\" width=\"800\" title=\"IMG-20221017-WA0017\" alt=\"\" class=\"slider-1884 slide-1885 msDefaultImage\" \/><img loading=\"lazy\" decoding=\"async\" src=\"https:\/\/www.associazionecasarut.it\/nidofamiglia\/wp-content\/uploads\/2022\/10\/IMG-20221017-WA0018-800x450.jpg\" height=\"450\" width=\"800\" title=\"IMG-20221017-WA0018\" alt=\"\" class=\"slider-1884 slide-1886 msDefaultImage\" \/><img loading=\"lazy\" decoding=\"async\" src=\"https:\/\/www.associazionecasarut.it\/nidofamiglia\/wp-content\/uploads\/2022\/10\/IMG-20221017-WA0024-800x450.jpg\" height=\"450\" width=\"800\" title=\"IMG-20221017-WA0024\" alt=\"\" class=\"slider-1884 slide-1887 msDefaultImage\" \/><img loading=\"lazy\" decoding=\"async\" src=\"https:\/\/www.associazionecasarut.it\/nidofamiglia\/wp-content\/uploads\/2022\/10\/IMG-20221017-WA0021-800x450.jpg\" height=\"450\" width=\"800\" title=\"IMG-20221017-WA0021\" alt=\"\" class=\"slider-1884 slide-1888 msDefaultImage\" \/><img loading=\"lazy\" decoding=\"async\" src=\"https:\/\/www.associazionecasarut.it\/nidofamiglia\/wp-content\/uploads\/2022\/10\/IMG-20221017-WA0020-800x450.jpg\" height=\"450\" width=\"800\" title=\"IMG-20221017-WA0020\" alt=\"\" class=\"slider-1884 slide-1889 msDefaultImage\" \/><img loading=\"lazy\" decoding=\"async\" src=\"https:\/\/www.associazionecasarut.it\/nidofamiglia\/wp-content\/uploads\/2022\/10\/IMG-20221017-WA0019-800x450.jpg\" height=\"450\" width=\"800\" title=\"IMG-20221017-WA0019\" alt=\"\" class=\"slider-1884 slide-1890 msDefaultImage\" \/><img loading=\"lazy\" decoding=\"async\" src=\"https:\/\/www.associazionecasarut.it\/nidofamiglia\/wp-content\/uploads\/2022\/10\/IMG-20221017-WA0023-800x450.jpg\" height=\"450\" width=\"800\" title=\"IMG-20221017-WA0023\" alt=\"\" class=\"slider-1884 slide-1891 msDefaultImage\" \/><img loading=\"lazy\" decoding=\"async\" src=\"https:\/\/www.associazionecasarut.it\/nidofamiglia\/wp-content\/uploads\/2022\/10\/IMG-20221017-WA0022-800x450.jpg\" height=\"450\" width=\"800\" title=\"IMG-20221017-WA0022\" alt=\"\" class=\"slider-1884 slide-1892 msDefaultImage\" \/><\/div><\/div>\n        \n    <\/div>\n<\/div>\r\n<p>&nbsp;<\/p>\r\n\r\n<p>&nbsp;<\/p>\r\n<p>&nbsp;<\/p>\r\n<p>&nbsp;<\/p>\r\n<p>&nbsp;<\/p>\r\n<p>&nbsp;<\/p>\r\n<p>&nbsp;<\/p>\r\n<p>&nbsp;<\/p>\r\n<p>&nbsp;<\/p>\r\n<p>&nbsp;<\/p>\r\n<p>&nbsp;<\/p>\r\n<p>&nbsp;<\/p>\r\n<p>&nbsp;<\/p>\r\n<p>&nbsp;<\/p>\r\n<p>&nbsp;<\/p>\r\n<p>&nbsp;<\/p>\r\n<p>&nbsp;<\/p>\r\n<p>&nbsp;<\/p>\r\n<p>&nbsp;<\/p>\r\n<p>&nbsp;<\/p>\r\n<p>&nbsp;<\/p>\r\n<p>&nbsp;<\/p>\r\n<p>&nbsp;<\/p>\r\n<p>&nbsp;<\/p>\r\n\r\n<p>&nbsp;<\/p>\r\n","protected":false},"excerpt":{"rendered":"<p>Sono n, 4 i nidi famiglia attivati dall\u2019Associazione Rut presso la sede di P.zza C. Battisti n. 43\/a Sarezzo: il Nido Famiglia dell\u2019Associazione di volontariato Rut, attivo dal 2003, il Nido Famiglia \u201cI colori del mondo\u201d, avviato il 1 settembre 2007, il Nido Famiglia \u201cNuovi orizzonti\u201d, avviato nel settembre 2011, e il Nido famiglia\u00a0 \u201cIl &#8230; <a title=\"I NIDI FAMIGLIA\" class=\"read-more\" href=\"https:\/\/www.associazionecasarut.it\/nidofamiglia\/\" aria-label=\"Per saperne di pi\u00f9 su I NIDI FAMIGLIA\">Leggi tutto<\/a><\/p>\n","protected":false},"author":1,"featured_media":0,"parent":0,"menu_order":0,"comment_status":"closed","ping_status":"closed","template":"","meta":{"footnotes":""},"class_list":["post-9","page","type-page","status-publish"],"aioseo_notices":[],"_links":{"self":[{"href":"https:\/\/www.associazionecasarut.it\/nidofamiglia\/wp-json\/wp\/v2\/pages\/9","targetHints":{"allow":["GET"]}}],"collection":[{"href":"https:\/\/www.associazionecasarut.it\/nidofamiglia\/wp-json\/wp\/v2\/pages"}],"about":[{"href":"https:\/\/www.associazionecasarut.it\/nidofamiglia\/wp-json\/wp\/v2\/types\/page"}],"author":[{"embeddable":true,"href":"https:\/\/www.associazionecasarut.it\/nidofamiglia\/wp-json\/wp\/v2\/users\/1"}],"replies":[{"embeddable":true,"href":"https:\/\/www.associazionecasarut.it\/nidofamiglia\/wp-json\/wp\/v2\/comments?post=9"}],"version-history":[{"count":15,"href":"https:\/\/www.associazionecasarut.it\/nidofamiglia\/wp-json\/wp\/v2\/pages\/9\/revisions"}],"predecessor-version":[{"id":1920,"href":"https:\/\/www.associazionecasarut.it\/nidofamiglia\/wp-json\/wp\/v2\/pages\/9\/revisions\/1920"}],"wp:attachment":[{"href":"https:\/\/www.associazionecasarut.it\/nidofamiglia\/wp-json\/wp\/v2\/media?parent=9"}],"curies":[{"name":"wp","href":"https:\/\/api.w.org\/{rel}","templated":true}]}}