{"id":75,"date":"2020-10-22T17:39:24","date_gmt":"2020-10-22T15:39:24","guid":{"rendered":"https:\/\/associazionerut.etsbrescia.it\/nidofamiglia\/?page_id=75"},"modified":"2024-01-23T14:51:00","modified_gmt":"2024-01-23T13:51:00","slug":"anno-20-21","status":"publish","type":"page","link":"https:\/\/www.associazionecasarut.it\/nidofamiglia\/anno-20-21\/","title":{"rendered":"Anno 20\/21"},"content":{"rendered":"\r\n<p>Sono n, 4 i nidi famiglia attivati dall\u2019Associazione Rut presso la sede di P.zza C.Battisti n. 43\/a Sarezzo: il Nido Famiglia dell\u2019Associazione di volontariato Rut, attivo dal 2003, il Nido Famiglia \u201c<em>I colori del mondo<\/em>\u201d, avviato il 1 settembre 2007, il Nido Famiglia \u201c<em>Nuovi orizzonti<\/em>\u201d, avviato nel settembre 2011, e il Nido famiglia&nbsp; \u201c<em>Il giardino della pace<\/em>\u201d avviato nel settembre 2014.&nbsp; <\/p>\r\n\r\n\r\n\r\n<p>I Nidi sono funzionanti dalle ore 7,00 alle ore 14,00. I posti autorizzati sono n. 20.<\/p>\r\n\r\n\r\n\r\n<div class=\"wp-block-image\"><figure class=\"alignleft\"><img decoding=\"async\" src=\"https:\/\/www.associazionecasarut.it\/wp-content\/uploads\/2019\/02\/logo-nido.jpg\" alt=\"\" class=\"wp-image-93\"\/><\/figure><\/div>\r\n\r\n\r\n\r\n<p>Il \u201cNido famiglia\u201d vuole\r\nrispondere alle esigenze delle famiglie che per lavoro o per motivi di\r\ndifficolt\u00e0 temporanea hanno bisogno di avere uno spazio dove i bambini di et\u00e0\r\ninferiore ai tre anni possono essere accolti e accuditi da personale\r\nprofessionalmente preparato e da volontari, attraverso una relazione calda e\r\naffettivamente significativa<\/p>\r\n\r\n\r\n\r\n<p>I Nidi famiglia si definiscono su\r\nuna precisa linea educativa, luoghi ricreativi e relazionali, ma anche e\r\nsoprattutto spazi a forte connotazione educativa, al fine di essere realmente a\r\nsupporto dei bambini e delle famiglie.<\/p>\r\n\r\n\r\n\r\n<p>Oltre agli educatori\r\nprofessionali e al personale educativo collaborano alcune volontarie (n.8)&nbsp; e in alcuni periodi dell\u2019anno anche giovani\r\ntirocinanti.<\/p>\r\n\r\n\r\n\r\n<p><strong>Obiettivi<\/strong><\/p>\r\n\r\n\r\n\r\n<p>L\u2019obiettivo&nbsp; \u00e8&nbsp;\r\nquello di fornire ai bambini in uno spazio accogliente, proponendo loro\r\nattivit\u00e0 adeguate all\u2019et\u00e0, quali giochi, laboratori espressivi e narrativi,\r\nattivit\u00e0 psicomotorie, ritmico musicali, manipolative..<\/p>\r\n\r\n\r\n\r\n<p><strong>L\u2019incontro con le famiglie<\/strong><\/p>\r\n\r\n\r\n\r\n<p>Particolare cura viene riservata alla relazione e all\u2019incontro con i genitori, nella consapevolezza che il nido \u00e8 a supporto dell\u2019azione educativa delle famiglie.Oltre agli incontri quotidiani, vengono riservati spazi di incontri specifici (i colloqui), per lo scambio di informazioni, valutazioni e pareri in merito alle esigenze del bambino e alle osservazioni&nbsp; realizzate. <br><\/p>\r\n\r\n\r\n\r\n<p><strong>Calendario e orario di apertura<\/strong><\/p>\r\n\r\n\r\n\r\n<p>L\u2019orario di apertura \u00e8 prestito dalle ore 7,00 alle 14,00 dal luned\u00ec al venerd\u00ec. Il Nido famiglia sar\u00e0 aperto da settembre a fine luglio, con possibili sospensioni del servizio, preventivamente concordate con le famiglie, in occasione delle festivit\u00e0 natalizie e pasquali.<\/p>\r\n\r\n\r\n\r\n<p><strong>Contributi e rette<\/strong><\/p>\r\n\r\n\r\n\r\n<p>Le rette sono determinate di anno\r\nin anno, cercando di limitare il pi\u00f9 possibile gli oneri per le famiglie.<\/p>\r\n\r\n\r\n\r\n<p>Per l\u2019anno 2019\/20 la retta mensile per la frequenza a tempo pieno \u00e8 di euro 420,00, comprensive della quota pasto.<\/p>\r\n","protected":false},"excerpt":{"rendered":"<p>Sono n, 4 i nidi famiglia attivati dall\u2019Associazione Rut presso la sede di P.zza C.Battisti n. 43\/a Sarezzo: il Nido Famiglia dell\u2019Associazione di volontariato Rut, attivo dal 2003, il Nido Famiglia \u201cI colori del mondo\u201d, avviato il 1 settembre 2007, il Nido Famiglia \u201cNuovi orizzonti\u201d, avviato nel settembre 2011, e il Nido famiglia&nbsp; \u201cIl giardino &#8230; <a title=\"Anno 20\/21\" class=\"read-more\" href=\"https:\/\/www.associazionecasarut.it\/nidofamiglia\/anno-20-21\/\" aria-label=\"Per saperne di pi\u00f9 su Anno 20\/21\">Leggi tutto<\/a><\/p>\n","protected":false},"author":2,"featured_media":0,"parent":0,"menu_order":0,"comment_status":"closed","ping_status":"closed","template":"","meta":{"footnotes":""},"class_list":["post-75","page","type-page","status-publish"],"aioseo_notices":[],"_links":{"self":[{"href":"https:\/\/www.associazionecasarut.it\/nidofamiglia\/wp-json\/wp\/v2\/pages\/75","targetHints":{"allow":["GET"]}}],"collection":[{"href":"https:\/\/www.associazionecasarut.it\/nidofamiglia\/wp-json\/wp\/v2\/pages"}],"about":[{"href":"https:\/\/www.associazionecasarut.it\/nidofamiglia\/wp-json\/wp\/v2\/types\/page"}],"author":[{"embeddable":true,"href":"https:\/\/www.associazionecasarut.it\/nidofamiglia\/wp-json\/wp\/v2\/users\/2"}],"replies":[{"embeddable":true,"href":"https:\/\/www.associazionecasarut.it\/nidofamiglia\/wp-json\/wp\/v2\/comments?post=75"}],"version-history":[{"count":8,"href":"https:\/\/www.associazionecasarut.it\/nidofamiglia\/wp-json\/wp\/v2\/pages\/75\/revisions"}],"predecessor-version":[{"id":2471,"href":"https:\/\/www.associazionecasarut.it\/nidofamiglia\/wp-json\/wp\/v2\/pages\/75\/revisions\/2471"}],"wp:attachment":[{"href":"https:\/\/www.associazionecasarut.it\/nidofamiglia\/wp-json\/wp\/v2\/media?parent=75"}],"curies":[{"name":"wp","href":"https:\/\/api.w.org\/{rel}","templated":true}]}}