{"id":51,"date":"2020-10-21T14:25:52","date_gmt":"2020-10-21T12:25:52","guid":{"rendered":"https:\/\/associazionerut.etsbrescia.it\/nidofamiglia\/?page_id=51"},"modified":"2024-01-23T14:48:15","modified_gmt":"2024-01-23T13:48:15","slug":"nidi-famiglia-relazione-anno-2018","status":"publish","type":"page","link":"https:\/\/www.associazionecasarut.it\/nidofamiglia\/nidi-famiglia-relazione-anno-2018\/","title":{"rendered":"Nidi famiglia &#8211; Relazione anno 2018"},"content":{"rendered":"<p><strong>NIDO FAMIGLIA DELL\u2019ASSOCIAZIONE DI VOLONTARIATO RUT, NIDO FAMIGLIA \u201cI COLORI DEL MONDO\u201d, NIDO FAMIGLIA \u201cNUOVI ORIZZONTI\u201d E NIDO FAMIGLIA \u201cIl GIARDINO DELLA PACE\u201d<\/strong><\/p>\n<p>Nel 2018 \u00e8 proseguita l\u2019attivit\u00e0 dei quattro Nidi Famiglia: Nido Famiglia dell\u2019Associazione di volontariato Rut, attivo dal 2003, del Nido Famiglia \u201cI colori del mondo\u201d, avviato il 1 settembre 2007 e del Nido Famiglia \u201cNuovi orizzonti\u201d, avviato nel settembre 2011, e del Nido famiglia denominato \u201cIl giardino della pace\u201d avviato nel settembre 2014.<\/p>\n<p>I Nidi Famiglia sono rimasti aperti dalle ore 7,00 alle ore 18,00, dal luned\u00ec al venerd\u00ec, con l\u2019esclusione della pausa natalizia; sono stati accolti nell&#8217;arco dell\u2019anno n. 12 bambini presso il Nido \u201cI colori del mondo\u201d, n. 12 presso il Nido dell\u2019Associazione Rut e n. 15 presso il Nido \u201cNuovi orizzonti\u201d e n. 11 presso il Nido \u201cIl giardino della pace\u201d, molti di essi con frequenza a met\u00e0 tempo e alcuni con frequenza a tempo pieno, alcuni per l\u2019intero anno scolastico e altri solo per alcuni periodi limitati.<\/p>\n<p>Sono state impegnate cinque educatrici professionali (due per 35 ore settimanali di cui una anche con funzioni di coordinatrice, e tre per 20 settimanali), oltre a numerose volontarie (circa 10) che si sono alternate nell&#8217;arco dell\u2019anno educativo. Per le pulizie \u00e8 incaricata una ausiliaria per due ore al giorno e\/o si \u00e8 provveduto con volontari. Il monte ore complessivo coperto dalle educatrici professionali ha consentito una compresenza costante nel mattino, fino alle ore 14,00 dopo il pranzo, di quattro figure professionali, coadiuvate per almeno 6 ore al giorno dalle volontarie; nel pomeriggio dopo le ore 16,00, a fronte di una significativa contrazione delle presenze dei bambini, la presenza del personale educativo \u00e8 stata garantita da una educatrice e dal personale volontario.<\/p>\n<p>I Nidi famiglia si definiscono su una precisa linea educativa, luoghi ricreativi e relazionali, ma anche e soprattutto spazi a forte connotazione educativa, al fine di essere realmente a supporto dei bambini e delle famiglie.<\/p>\n<p>La qualit\u00e0 dell\u2019offerta formativa e assistenziale \u00e8 apprezzata dai genitori, ne \u00e8 segno il fatto che anche nel 2018 si \u00e8 potuto coprire i 20 posti autorizzati.<\/p>\n<p>Nel link sottostante \u00e8 possibile scaricare l&#8217;intera relazione:<\/p>\n<p><a href=\"https:\/\/www.associazionecasarut.it\/wp-content\/uploads\/2019\/10\/RELAZIONE-ATTIVITA-ANNO-2018-consuntivo-2018-e-preventivo-2019.pdf\">RELAZIONE ATTIVITA ANNO 2018 consuntivo 2018 e preventivo 2019<\/a><\/p>\n","protected":false},"excerpt":{"rendered":"<p>NIDO FAMIGLIA DELL\u2019ASSOCIAZIONE DI VOLONTARIATO RUT, NIDO FAMIGLIA \u201cI COLORI DEL MONDO\u201d, NIDO FAMIGLIA \u201cNUOVI ORIZZONTI\u201d E NIDO FAMIGLIA \u201cIl GIARDINO DELLA PACE\u201d Nel 2018 \u00e8 proseguita l\u2019attivit\u00e0 dei quattro Nidi Famiglia: Nido Famiglia dell\u2019Associazione di volontariato Rut, attivo dal 2003, del Nido Famiglia \u201cI colori del mondo\u201d, avviato il 1 settembre 2007 e del &#8230; <a title=\"Nidi famiglia &#8211; Relazione anno 2018\" class=\"read-more\" href=\"https:\/\/www.associazionecasarut.it\/nidofamiglia\/nidi-famiglia-relazione-anno-2018\/\" aria-label=\"Per saperne di pi\u00f9 su Nidi famiglia &#8211; Relazione anno 2018\">Leggi tutto<\/a><\/p>\n","protected":false},"author":2,"featured_media":0,"parent":0,"menu_order":0,"comment_status":"closed","ping_status":"closed","template":"","meta":{"footnotes":""},"class_list":["post-51","page","type-page","status-publish"],"aioseo_notices":[],"_links":{"self":[{"href":"https:\/\/www.associazionecasarut.it\/nidofamiglia\/wp-json\/wp\/v2\/pages\/51","targetHints":{"allow":["GET"]}}],"collection":[{"href":"https:\/\/www.associazionecasarut.it\/nidofamiglia\/wp-json\/wp\/v2\/pages"}],"about":[{"href":"https:\/\/www.associazionecasarut.it\/nidofamiglia\/wp-json\/wp\/v2\/types\/page"}],"author":[{"embeddable":true,"href":"https:\/\/www.associazionecasarut.it\/nidofamiglia\/wp-json\/wp\/v2\/users\/2"}],"replies":[{"embeddable":true,"href":"https:\/\/www.associazionecasarut.it\/nidofamiglia\/wp-json\/wp\/v2\/comments?post=51"}],"version-history":[{"count":2,"href":"https:\/\/www.associazionecasarut.it\/nidofamiglia\/wp-json\/wp\/v2\/pages\/51\/revisions"}],"predecessor-version":[{"id":2468,"href":"https:\/\/www.associazionecasarut.it\/nidofamiglia\/wp-json\/wp\/v2\/pages\/51\/revisions\/2468"}],"wp:attachment":[{"href":"https:\/\/www.associazionecasarut.it\/nidofamiglia\/wp-json\/wp\/v2\/media?parent=51"}],"curies":[{"name":"wp","href":"https:\/\/api.w.org\/{rel}","templated":true}]}}