{"id":1633,"date":"2022-03-14T15:44:31","date_gmt":"2022-03-14T14:44:31","guid":{"rendered":"https:\/\/associazionerut.etsbrescia.it\/nidofamiglia\/?page_id=1633"},"modified":"2024-01-21T21:55:20","modified_gmt":"2024-01-21T20:55:20","slug":"anno-22-23","status":"publish","type":"page","link":"https:\/\/www.associazionecasarut.it\/nidofamiglia\/anno-22-23\/","title":{"rendered":"Anno 22\/23"},"content":{"rendered":"<p>Cari Genitori!<\/p>\n<p>Finalmente si riparte con un nuovo anno scolastico, per i bimbi salutare mamma e pap\u00e0 dopo tanti giorni trascorsi insieme a loro \u00e8 una grande sfida&#8230;ma poi&#8230;le amicizie ritrovate, le attivit\u00e0 proposte, un clima sereno e gioioso fanno subito ritrovare il sorriso!!!<\/p>\n<p>Un inizio pieno di novit\u00e0: i bambini\u00a0 si stanno presentando tra loro, stanno conoscendo le nuove maestre e stanno riprendendo la routine scolastica abituandosi anche ai nuovi ritmi che consentono di restare fino alle 16.00.<\/p>\n<p>In questi giorni ci stiamo occupando anche dell&#8217;inserimento dei nuovi arrivati per i quali inizier\u00e0 una nuova grande avventura!!!<\/p>\n<p>&nbsp;<\/p>\n<p style=\"text-align: center;\">A tutti i nostri bimbi e alle loro famiglie i migliori auguri di un anno educativo sereno e stimolante.<span class=\"pq6dq46d tbxw36s4 knj5qynh kvgmc6g5 ditlmg2l oygrvhab nvdbi5me sf5mxxl7 gl3lb2sf hhz5lgdu\"><img loading=\"lazy\" decoding=\"async\" src=\"https:\/\/static.xx.fbcdn.net\/images\/emoji.php\/v9\/tb\/1\/16\/1f388.png\" alt=\"\ud83c\udf88\" width=\"16\" height=\"16\" \/><\/span><\/p>\n<p style=\"text-align: center;\">Dalle Vostre Maestre<\/p>\n<p style=\"text-align: center;\">Noemi, Chiara, Francesca, Monica e Clara<\/p>\n<p><img loading=\"lazy\" decoding=\"async\" class=\"size-full wp-image-1186 aligncenter\" src=\"https:\/\/www.associazionecasarut.it\/nidofamiglia\/wp-content\/uploads\/2021\/09\/unnamed.jpg\" alt=\"\" width=\"410\" height=\"300\" srcset=\"https:\/\/www.associazionecasarut.it\/nidofamiglia\/wp-content\/uploads\/2021\/09\/unnamed.jpg 410w, https:\/\/www.associazionecasarut.it\/nidofamiglia\/wp-content\/uploads\/2021\/09\/unnamed-300x220.jpg 300w\" sizes=\"auto, (max-width: 410px) 100vw, 410px\" \/><\/p>\n<p style=\"text-align: center;\"><strong>NIDI FAMIGLIA DELL&#8217;ASSOCIAZIONE RUT<\/strong><\/p>\n<p>Il <strong>NIDO FAMIGLIA<\/strong> \u00e8&#8230; un luogo dove i bambini dai 6 mesi ai 3 anni possono sperimentare, esplorare, giocare e crescere; dove condividere ed imparare in maniera naturale; dove sentirsi a proprio agio anche se lontani da casa. Uno<strong> spazio educativo e psicologico a misura di bambino<\/strong> che gli consente di vivere esperienze in linea con il suo <strong>sviluppo intellettivo, affettivo e sociale<\/strong>.<\/p>\n<p><strong>Finalit\u00e0 e obiettivi:<\/strong><\/p>\n<ul>\n<li>garantire un ambiente accogliente, ricco di rapporti significativi sul piano affettivo e che rispetti i ritmi di crescita di ciascun bambino<\/li>\n<li>offrire opportunit\u00e0 di gioco e socialit\u00e0 che consentono ai bambini di &#8220;fare&#8221;, &#8220;costruire&#8221;, &#8220;muoversi&#8221;, &#8220;conoscere&#8221; e di rapportarsi con coetanei e adulti<\/li>\n<li>favorire la continuit\u00e0 delle esperienze educative, aiutando i bambini ad elaborare i momenti di passaggio dalla famiglia al nido e dal nido alla scuola dell&#8217;infanzia.<\/li>\n<\/ul>\n<p>Per iscrivere i propri figli \u00e8 necessario fissare un appuntamento per:<\/p>\n<ul>\n<li>un breve colloquio informativo;<\/li>\n<li>visitare i Nidi Famiglia.<\/li>\n<\/ul>\n<p>La retta mensile \u00e8 la seguente: euro 420,00 (pasto compreso) con orario dalle 7.00 alle 14.00 (se sussisteranno limitazioni imposte dalle normative e dei regolamenti per contrastare l&#8217;emergenza covid-19) e euro 450,00 (pasto compreso) con orario dalle 7.00 alle 16.00 (se non ci saranno limitazioni imposte dalle normative e dei regolamenti imposte dall&#8217;emergenza covid-19)<\/p>\n<p>Per informazioni tel. 030\/801973 &#8211; 3663527471<\/p>\n<p>Di seguito sono presenti i link per scaricare i vari moduli:<\/p>\n<table border=\"1\" width=\"90%\" bgcolor=\"#FFFFCC\">\n<caption>\u00a0<\/caption>\n<tbody>\n<tr>\n<th scope=\"row\">Tutti i nidi<\/th>\n<td><a href=\"https:\/\/www.associazionecasarut.it\/nidofamiglia\/wp-content\/uploads\/2022\/03\/22-SCHEDA-BAMBINO-1.docx\" target=\"_blank\" rel=\"noopener\">SCHEDA-BAMBINO<\/a><br \/>\n<a href=\"https:\/\/www.associazionecasarut.it\/nidofamiglia\/wp-content\/uploads\/2022\/03\/22-modulo-iscrizione-nidi-2022-2023.docx\" target=\"_blank\" rel=\"noopener\">modulo di iscrizione nidi 2022-2023<\/a><br \/>\n<a href=\"https:\/\/www.associazionecasarut.it\/nidofamiglia\/wp-content\/uploads\/2022\/03\/22-privacy.pdf\" target=\"_blank\" rel=\"noopener\">Scheda privacy<\/a><br \/>\n<a href=\"https:\/\/www.associazionecasarut.it\/nidofamiglia\/wp-content\/uploads\/2022\/03\/22-modulo-delega-1.docx\" target=\"_blank\" rel=\"noopener\">Modulo delega<\/a><\/td>\n<\/tr>\n<tr>\n<th scope=\"row\">Associazione di volontariato Rut<\/th>\n<td><a href=\"https:\/\/www.associazionecasarut.it\/nidofamiglia\/wp-content\/uploads\/2022\/03\/22-iscrizione-1.docx\" target=\"_blank\" rel=\"noopener\">Domanda di iscrizione<\/a><br \/>\n<a href=\"https:\/\/www.associazionecasarut.it\/nidofamiglia\/wp-content\/uploads\/2022\/03\/22-autorizzazione-uscita-1.docx\" target=\"_blank\" rel=\"noopener\">Autorizzazione alle uscite<\/a><br \/>\n<a href=\"https:\/\/www.associazionecasarut.it\/nidofamiglia\/wp-content\/uploads\/2022\/03\/22-autorizzazione-foto-video-1.docx\" target=\"_blank\" rel=\"noopener\">Autorizzazione per foto e video<\/a><\/td>\n<\/tr>\n<tr>\n<th scope=\"row\">I colori del mondo<\/th>\n<td><a href=\"https:\/\/www.associazionecasarut.it\/nidofamiglia\/wp-content\/uploads\/2022\/03\/22-iscrizione-2.docx\" target=\"_blank\" rel=\"noopener\">Domanda di iscrizione<\/a><br \/>\n<a href=\"https:\/\/www.associazionecasarut.it\/nidofamiglia\/wp-content\/uploads\/2022\/03\/22-autorizzazione-uscita-2.docx\" target=\"_blank\" rel=\"noopener\">Autorizzazione alle uscite<\/a><br \/>\n<a href=\"https:\/\/www.associazionecasarut.it\/nidofamiglia\/wp-content\/uploads\/2022\/03\/22-autorizzazione-foto-video-2.docx\" target=\"_blank\" rel=\"noopener\">Autorizzazione per foto e video<\/a><\/td>\n<\/tr>\n<tr>\n<th scope=\"row\">Nuovi orizzonti<\/th>\n<td><a href=\"https:\/\/www.associazionecasarut.it\/nidofamiglia\/wp-content\/uploads\/2022\/03\/22-iscrizione-3.docx\" target=\"_blank\" rel=\"noopener\">Domanda di iscrizione<\/a><br \/>\n<a href=\"https:\/\/www.associazionecasarut.it\/nidofamiglia\/wp-content\/uploads\/2022\/03\/22-autorizzazione-uscita-3.docx\" target=\"_blank\" rel=\"noopener\">Autorizzazione alle uscite<\/a><br \/>\n<a href=\"https:\/\/www.associazionecasarut.it\/nidofamiglia\/wp-content\/uploads\/2022\/03\/22-autorizzazione-foto-video-3.docx\" target=\"_blank\" rel=\"noopener\">Autorizzazione per foto e video<\/a><\/td>\n<\/tr>\n<tr>\n<th scope=\"row\">Il Giardino della pace<\/th>\n<td><a href=\"https:\/\/www.associazionecasarut.it\/nidofamiglia\/wp-content\/uploads\/2022\/03\/22-iscrizione-4.docx\" target=\"_blank\" rel=\"noopener\">Domanda di iscrizione<\/a><br \/>\n<a href=\"https:\/\/www.associazionecasarut.it\/nidofamiglia\/wp-content\/uploads\/2022\/03\/22-autorizzazione-uscita-4.docx\" target=\"_blank\" rel=\"noopener\">Autorizzazione alle uscite<\/a><br \/>\n<a href=\"https:\/\/www.associazionecasarut.it\/nidofamiglia\/wp-content\/uploads\/2022\/03\/22-autorizzazione-foto-video-4.docx\" target=\"_blank\" rel=\"noopener\">Autorizzazione per foto e video<\/a><\/td>\n<\/tr>\n<\/tbody>\n<\/table>\n<p>&nbsp;<\/p>\n","protected":false},"excerpt":{"rendered":"<p>Cari Genitori! Finalmente si riparte con un nuovo anno scolastico, per i bimbi salutare mamma e pap\u00e0 dopo tanti giorni trascorsi insieme a loro \u00e8 una grande sfida&#8230;ma poi&#8230;le amicizie ritrovate, le attivit\u00e0 proposte, un clima sereno e gioioso fanno subito ritrovare il sorriso!!! Un inizio pieno di novit\u00e0: i bambini\u00a0 si stanno presentando tra &#8230; <a title=\"Anno 22\/23\" class=\"read-more\" href=\"https:\/\/www.associazionecasarut.it\/nidofamiglia\/anno-22-23\/\" aria-label=\"Per saperne di pi\u00f9 su Anno 22\/23\">Leggi tutto<\/a><\/p>\n","protected":false},"author":2,"featured_media":0,"parent":0,"menu_order":0,"comment_status":"closed","ping_status":"closed","template":"","meta":{"footnotes":""},"class_list":["post-1633","page","type-page","status-publish"],"aioseo_notices":[],"_links":{"self":[{"href":"https:\/\/www.associazionecasarut.it\/nidofamiglia\/wp-json\/wp\/v2\/pages\/1633","targetHints":{"allow":["GET"]}}],"collection":[{"href":"https:\/\/www.associazionecasarut.it\/nidofamiglia\/wp-json\/wp\/v2\/pages"}],"about":[{"href":"https:\/\/www.associazionecasarut.it\/nidofamiglia\/wp-json\/wp\/v2\/types\/page"}],"author":[{"embeddable":true,"href":"https:\/\/www.associazionecasarut.it\/nidofamiglia\/wp-json\/wp\/v2\/users\/2"}],"replies":[{"embeddable":true,"href":"https:\/\/www.associazionecasarut.it\/nidofamiglia\/wp-json\/wp\/v2\/comments?post=1633"}],"version-history":[{"count":7,"href":"https:\/\/www.associazionecasarut.it\/nidofamiglia\/wp-json\/wp\/v2\/pages\/1633\/revisions"}],"predecessor-version":[{"id":2465,"href":"https:\/\/www.associazionecasarut.it\/nidofamiglia\/wp-json\/wp\/v2\/pages\/1633\/revisions\/2465"}],"wp:attachment":[{"href":"https:\/\/www.associazionecasarut.it\/nidofamiglia\/wp-json\/wp\/v2\/media?parent=1633"}],"curies":[{"name":"wp","href":"https:\/\/api.w.org\/{rel}","templated":true}]}}